{"id":4264,"date":"2011-02-08T11:45:54","date_gmt":"2011-02-08T10:45:54","guid":{"rendered":"http:\/\/aula21.net\/aulablog21\/?page_id=4264"},"modified":"2013-04-04T21:51:45","modified_gmt":"2013-04-04T20:51:45","slug":"herramientas-2-0","status":"publish","type":"page","link":"http:\/\/aula21.net\/aulablog21\/herramientas-2-0\/","title":{"rendered":"Herramientas 2.0"},"content":{"rendered":"<p>Muchas son las herramientas que la web 2.0 pone a nuestro alcance pero somos los docentes los que tenemos que idear como utilizarlas en el aula con nuestra creatividad y experiencia.<\/p>\n<p style=\"text-align: center;\"><!--adsense--><\/p>\n<p><a href=\"http:\/\/aula21.net\/aulablog21\/wp-content\/uploads\/2011\/02\/pizarraetaller1.png\"><img loading=\"lazy\" decoding=\"async\" class=\"aligncenter size-full wp-image-4265\" title=\"pizarraetaller1\" src=\"http:\/\/aula21.net\/aulablog21\/wp-content\/uploads\/2011\/02\/pizarraetaller1.png\" alt=\"pizarraetaller1\" width=\"369\" height=\"174\" srcset=\"http:\/\/aula21.net\/aulablog21\/wp-content\/uploads\/2011\/02\/pizarraetaller1.png 369w, http:\/\/aula21.net\/aulablog21\/wp-content\/uploads\/2011\/02\/pizarraetaller1-300x141.png 300w\" sizes=\"auto, (max-width: 369px) 100vw, 369px\" \/><\/a><\/p>\n<ul>\n<li><a href=\"http:\/\/creatic.innova.unia.es\/sobre-el-proyecto\" target=\"_blank\">CreaTICInnova<\/a> es un <a href=\"http:\/\/creatic.innova.unia.es\/estructurayorganizacion\" target=\"_blank\">cat\u00e1logo colaborativo<\/a> en red de tecnolog\u00edas y herramientas de la web social para innovar, hecho por y para la comunidad universitaria.\u00a0<a href=\"http:\/\/creatic.innova.unia.es\/mapa-del-sitio\" target=\"_blank\">Este proyecto<\/a> es coordinado y dinamizado por el \u00c1rea de Innovaci\u00f3n de la Universidad Internacional de Andaluc\u00eda (UNIA).<\/li>\n<li><a title=\"Acceder\" href=\"http:\/\/maps.playingwithmedia.com\/\" target=\"_blank\">Mapping Media to the Curr\u00edculum<\/a>.<\/li>\n<li><a href=\"http:\/\/www.unir-postgrado.com\/wiki\/index.php\/Portada\" target=\"_blank\">Cat\u00e1logo de recursos web 2.0<\/a>, con manuales y experiencias concretas de aula. Recomendado.<\/li>\n<li><a href=\"http:\/\/webs.uvigo.es\/pcuesta\/enlaces\/\">Recopilaci\u00f3n del profesor Pedro Cuesta<\/a><\/li>\n<li><a href=\"http:\/\/canaltic.com\/blog\/?p=201#Indice\" target=\"_blank\">Gu\u00eda de servicios web 2.0 en CanalTIC<\/a><\/li>\n<li><a href=\"http:\/\/asturhugo.wordpress.com\/tag\/exe-learning\/\" target=\"_blank\">Herramientas para la creaci\u00f3n de contenidos multimedia<\/a><\/li>\n<li><a href=\"http:\/\/www.eduteka.org\/AprendizajeHerramientasDigitales.php\" target=\"_blank\">Gu\u00eda de Campo para trabajar proyectos del mundo real en la era digital<\/a><\/li>\n<li><a href=\"http:\/\/www.adelat.org\/media\/docum\/herramientas20\/\">Recopilaci\u00f3n de recursos y herramientas educativas<\/a> elaborada por An\u00edbal de la Torre<\/li>\n<li><a href=\"http:\/\/lunica.weebly.com\/\">Repositorio de Rosa Berna<\/a><\/li>\n<li><a href=\"http:\/\/mariajesusmusica.wordpress.com\/herramientas-2-0\/\" target=\"_blank\">Recopilaci\u00f3n de la profesora Maria Jes\u00fas Camino<\/a><\/li>\n<li><a href=\"http:\/\/www.iesdolmendesoto.org\/wiki\/index.php\/Servicios_web_2.0\" rel=\"nofollow\">Curso servicios en el IES Dolmen de Soto<\/a><\/li>\n<li><a href=\"http:\/\/ticurso.wikispaces.com\/principal\">Curso aprovechamiento de un centro TIC de Mar\u00eda Barcelo<\/a><\/li>\n<li><a href=\"http:\/\/cooltoolsforschools.wikispaces.com\/\">Herramientas web 2.0 para las escuelas,<\/a> muy completo (Ingl\u00e9s)<\/li>\n<li><a href=\"http:\/\/aulablog21.wikispaces.com\/EDUGOOGLE\">Edugoogle en el wiki de Francisco Mu\u00f1oz de la Pe\u00f1a Castrillo<\/a><\/li>\n<li><a href=\"http:\/\/cursocoordinadorestic.googlepages.com\/home\" rel=\"nofollow\">Taller de herramientas Google de Jes\u00fas Serrano<\/a><\/li>\n<li><a href=\"http:\/\/wiki.5lineas.com\/herramientas_colaborativas_en_educacion_web2.0\">Herramientas colaborativas en educaci\u00f3n: web 2.0<\/a> de Daniel Primo<\/li>\n<li><a href=\"http:\/\/www.emilioquintana.com\/?page_id=61\">Selecci\u00f3n de Emilio Quintana<\/a><\/li>\n<li><a href=\"http:\/\/www.boxoftricks.net\/?page_id=29\" target=\"_blank\">Boxoftricks<\/a><\/li>\n<li><a href=\"http:\/\/www.go2web20.net\/\" rel=\"nofollow\">Go2web20<\/a> directorio en ingl\u00e9s muy completo<\/li>\n<li>Un <a href=\"http:\/\/www.c4lpt.co.uk\/Directory\/index.html\" rel=\"nofollow\">excelente directorio de herramientas para el aprendizaje<\/a>, con m\u00e1s de 1.800 aplicaciones y en continua actualizaci\u00f3n, es el proporcionado por el brit\u00e1nico <a href=\"http:\/\/www.c4lpt.co.uk\/index.html\" rel=\"nofollow\">Centre for Learning &amp; Performance Technologies (C4LPT)<\/a>.<\/li>\n<li><a href=\"https:\/\/wiki.itap.purdue.edu\/display\/INSITE\/Web+2.0+Tools\" target=\"_blank\">Web 2.0 Tools (wiki)<\/a><\/li>\n<li>Para estar al d\u00eda de todo lo nuevo altamente recomendable es visitar asiduamente: <a href=\"http:\/\/www.genbeta.com\/\" rel=\"nofollow\">Genbeta<\/a>, <a href=\"http:\/\/wwwhatsnew.com\/\" rel=\"nofollow\">Wwwhat\u00b4s new<\/a> y <a href=\"http:\/\/www.aulablog.com\/planeta\" rel=\"nofollow\">el Planeta Educativo<\/a><\/li>\n<li><a href=\"http:\/\/montarelmingo.blogspot.com\/2011\/01\/mi-regalo-de-reyes-seleccion-de.html\">Recopilaci\u00f3n de herramientas<\/a> 2010<\/li>\n<li><a href=\"http:\/\/www.humanodigital.com.ar\/150-herramientas-gratuitas-para-crear-materiales-educativos-con-tics\/\" target=\"_blank\">150 herramientas gratuitas para crear materiales educativos con TICs<\/a><\/li>\n<li><a href=\"http:\/\/www.socialbrite.org\/sharing-center\/tools\/web20-tools\/\" target=\"_blank\">Web 2.0 Tools ( en ingl\u00e9s)<\/a><\/li>\n<li><a href=\"http:\/\/ozgekaraoglu.edublogs.org\/tag\/a-z-web-tools\/\" target=\"_blank\">A-Z web tools<\/a><\/li>\n<li><a href=\"http:\/\/abenetpblog.blogspot.com\/2011\/02\/100-herramientas-digitales-para.html\" target=\"_blank\">100 Herramientas digitales para profesores y alumnos<\/a><\/li>\n<li><a href=\"http:\/\/www.construyendonuestrossuenos.com\/herramientas-web\" target=\"_blank\">Selecci\u00f3n muy buena de Alberto Cuarteiro<\/a>.\u00a0\u00a0Contiene informaci\u00f3n sobre herramientas 2.0 con ejemplos de actividades y trabajos realizados por sus alumnos.<\/li>\n<li><a href=\"http:\/\/www.xarxatic.com\/herramientas-2-0\/\" target=\"_blank\">Selecci\u00f3n muy completa con manuales en XARXATIC<\/a><\/li>\n<li><a href=\"http:\/\/es.scribd.com\/rauldiego\" target=\"_blank\">Tutoriales de herramientas 2.0<\/a>, de<a href=\"http:\/\/www.rauldiego.es\/\" target=\"_blank\"> Ra\u00fal Diego<\/a>. Contiene tutoriales en PDF para descargar sobre herramientas 2.0 sencillas para el trabajo con los alumnos.<\/li>\n<li><a href=\"http:\/\/davincieducacion-davincieducacion.blogspot.com\/search\/label\/herramientas%202.0\" target=\"_blank\">Herramientas 2.0 y tutoriales<\/a> en el blog \u00abDavinci Educaci\u00f3n\u00bb, de Ang\u00e9lica Su\u00e1rez. Contiene informaci\u00f3n, tutoriales y ejemplos pr\u00e1cticos de numerosas herramientas 2.0.<\/li>\n<li><a href=\"http:\/\/kioskodechuches20.wordpress.com\/\" target=\"_blank\">\u00abEl Kiosko de Chuches 2.0\u00bb <\/a>de Lara Romero, es un blog con muchas y variadas herramientas 2.0 en las cuales no es necesario registrarse y que, sin duda, resultar\u00e1n muy adecuadas para trabajar con los alumnos<\/li>\n<li><a href=\"http:\/\/www.eduteka.org\/CompartirProductosDigitales.php\" target=\"_blank\">Rese\u00f1a de aplicaciones para compartir productos digitales de Eduteka<\/a><\/li>\n<li><a href=\"http:\/\/www.onlinedegree.net\/100-essential-2-0-tools-for-teachers\/\" target=\"_blank\">100 Essential Web 2.0 Tools for teachers<\/a><\/li>\n<li><a href=\"http:\/\/edtechteacher.org\/crcd-tools-maps.html\" target=\"_blank\">http:\/\/edtechteacher.org\/crcd-tools-maps.html<\/a> bien organizado<\/li>\n<li>Libro digital<a href=\"http:\/\/dim.pangea.org\/tecnicasdidacticascontic.htm\" target=\"_blank\"> T\u00e9cnicas did\u00e1cticas con TIC<\/a> de Pere Marqu\u00e9s. Ver <strong><a style=\"color: #006699; text-decoration: none;\" href=\"http:\/\/dim.pangea.org\/libro1\/web20_p25.pdf\" target=\"_blank\"><strong>La Web 2.0<\/strong><\/a><\/strong><strong><a style=\"color: #006699; text-decoration: none;\" href=\"http:\/\/dim.pangea.org\/libro1\/web20_p25.pdf\" target=\"_blank\"> y sus aplicaciones did\u00e1cticas<\/a><\/strong><\/li>\n<li>Directorio en Ingl\u00e9s <a href=\"http:\/\/livebinders.com\/play\/play\/4482\" target=\"_blank\">Web 2.o for Secondary Teachers<\/a><\/li>\n<li><a href=\"http:\/\/www.docentestic.es\/herramientas\" target=\"_blank\">Colecci\u00f3n de docentesTIC.es<\/a><strong><br \/>\n<\/strong><\/li>\n<\/ul>\n","protected":false},"excerpt":{"rendered":"<p>Muchas son las herramientas que la web 2.0 pone a nuestro alcance pero somos los docentes los que tenemos que idear como utilizarlas en el aula con nuestra creatividad y experiencia. CreaTICInnova es un cat\u00e1logo colaborativo en red de tecnolog\u00edas y herramientas de la web social para innovar, hecho por y para la comunidad universitaria.\u00a0Este [&hellip;]<\/p>\n","protected":false},"author":1,"featured_media":0,"parent":0,"menu_order":0,"comment_status":"open","ping_status":"open","template":"","meta":{"footnotes":""},"class_list":["post-4264","page","type-page","status-publish","hentry"],"_links":{"self":[{"href":"http:\/\/aula21.net\/aulablog21\/wp-json\/wp\/v2\/pages\/4264","targetHints":{"allow":["GET"]}}],"collection":[{"href":"http:\/\/aula21.net\/aulablog21\/wp-json\/wp\/v2\/pages"}],"about":[{"href":"http:\/\/aula21.net\/aulablog21\/wp-json\/wp\/v2\/types\/page"}],"author":[{"embeddable":true,"href":"http:\/\/aula21.net\/aulablog21\/wp-json\/wp\/v2\/users\/1"}],"replies":[{"embeddable":true,"href":"http:\/\/aula21.net\/aulablog21\/wp-json\/wp\/v2\/comments?post=4264"}],"version-history":[{"count":0,"href":"http:\/\/aula21.net\/aulablog21\/wp-json\/wp\/v2\/pages\/4264\/revisions"}],"wp:attachment":[{"href":"http:\/\/aula21.net\/aulablog21\/wp-json\/wp\/v2\/media?parent=4264"}],"curies":[{"name":"wp","href":"https:\/\/api.w.org\/{rel}","templated":true}]}}