{"id":7369,"date":"2014-02-07T08:45:20","date_gmt":"2014-02-07T07:45:20","guid":{"rendered":"http:\/\/aula21.net\/aulablog21\/politica-de-cookies\/"},"modified":"2018-05-24T08:37:06","modified_gmt":"2018-05-24T07:37:06","slug":"politica-de-cookies","status":"publish","type":"page","link":"http:\/\/aula21.net\/aulablog21\/politica-de-cookies\/","title":{"rendered":"Pol\u00edtica de privacidad y de cookies"},"content":{"rendered":"<p><strong>DATOS IDENTIFICATIVOS<\/strong><\/p>\n<p>En cumplimiento con el deber de informaci\u00f3n recogido en art\u00edculo 10 de la Ley 34\/2002, de 11 de julio, de Servicios de la Sociedad de la Informaci\u00f3n y del Comercio Electr\u00f3nico, a continuaci\u00f3n se pone a disposici\u00f3n una direcci\u00f3n de correo electr\u00f3nico para contactar con el responsable de la p\u00e1gina: <strong>rinconfisquiex@gmail.com <\/strong><\/p>\n<p><strong>PROTECCI\u00d3N DE DATOS<\/strong><\/p>\n<p><strong>Aulablog21<\/strong> cumple con las directrices de la Ley Org\u00e1nica 15\/1999 de 13 de diciembre de Protecci\u00f3n de Datos de Car\u00e1cter Personal, el Real Decreto 1720\/2007 de 21 de diciembre por el que se aprueba el Reglamento de desarrollo de la Ley Org\u00e1nica y dem\u00e1s normativa vigente en cada momento, y vela por garantizar un correcto uso y tratamiento de los datos personales del USUARIO. Para ello, junto a cada formulario de recabo de datos de car\u00e1cter personal, en los servicios que el USUARIO pueda solicitar a <strong>Aulablog21<\/strong>, har\u00e1 saber al USUARIO de la existencia y aceptaci\u00f3n de las condiciones particulares del tratamiento de sus datos en cada caso, inform\u00e1ndole de la responsabilidad del fichero creado, la direcci\u00f3n del responsable, la posibilidad de ejercer sus derechos de acceso, rectificaci\u00f3n, cancelaci\u00f3n u oposici\u00f3n, la finalidad del tratamiento y las comunicaciones de datos a terceros en su caso.<\/p>\n<h1>Pol\u00edtica de cookies<\/h1>\n<p>Una <em>cookie<\/em> es un peque\u00f1o fichero de texto que se almacena en su navegador cuando visita casi cualquier p\u00e1gina web. Su utilidad es que la web sea capaz de recordar su visita cuando vuelva a navegar por esa p\u00e1gina. Las <em>cookies<\/em> suelen almacenar informaci\u00f3n de car\u00e1cter t\u00e9cnico, preferencias personales, personalizaci\u00f3n de contenidos, estad\u00edsticas de uso, enlaces a redes sociales, acceso a cuentas de usuario, etc. El objetivo de la <em>cookie<\/em> es adaptar el contenido de la web a su perfil y necesidades, sin <em>cookies<\/em> los servicios ofrecidos por cualquier p\u00e1gina se ver\u00edan mermados notablemente. Si desea consultar m\u00e1s informaci\u00f3n sobre qu\u00e9 son las <em>cookies<\/em>, qu\u00e9 almacenan, c\u00f3mo eliminarlas, desactivarlas, etc., <a href=\"http:\/\/aula21.net\/aulablog21\/mas-informacion-sobre-las-cookies\/\">le rogamos se dirija a este enlace.<\/a><\/p>\n<h2>Cookies utilizadas en este sitio web<\/h2>\n<p>Siguiendo las directrices de la Agencia Espa\u00f1ola de Protecci\u00f3n de Datos procedemos a detallar el uso de <em>cookies<\/em> que hace esta web con el fin de informarle con la m\u00e1xima exactitud posible.<\/p>\n<p>Este sitio web utiliza las siguientes <strong>cookies propias<\/strong>:<\/p>\n<ul>\n<li>Cookies de sesi\u00f3n, para garantizar que los usuarios que escriban comentarios en el blog sean humanos y no aplicaciones automatizadas. De esta forma se combate el <em>spam<\/em>.<\/li>\n<\/ul>\n<p>Este sitio web utiliza las siguientes <strong>cookies de terceros<\/strong>:<\/p>\n<ul>\n<li>Google Analytics: Almacena <em>cookies<\/em> para poder elaborar estad\u00edsticas sobre el tr\u00e1fico y volumen de visitas de esta web. Al utilizar este sitio web est\u00e1 consintiendo el tratamiento de informaci\u00f3n acerca de usted por Google. Por tanto, el ejercicio de cualquier derecho en este sentido deber\u00e1 hacerlo comunicando directamente con Google.<\/li>\n<li>Redes sociales: Cada red social utiliza sus propias <em>cookies<\/em> para que usted pueda pinchar en botones del tipo <em>Me gusta<\/em> o <em>Compartir<\/em>.<\/li>\n<\/ul>\n<h2>Desactivaci\u00f3n o eliminaci\u00f3n de cookies<\/h2>\n<p>En cualquier momento podr\u00e1 ejercer su derecho de desactivaci\u00f3n o eliminaci\u00f3n de cookies de este sitio web. Estas acciones se realizan de forma diferente en funci\u00f3n del navegador que est\u00e9 usando. <a href=\"http:\/\/aula21.net\/aulablog21\/mas-informacion-sobre-las-cookies\/#navegadores\">Aqu\u00ed le dejamos una gu\u00eda r\u00e1pida para los navegadores m\u00e1s populares<\/a>.<\/p>\n<h2>Notas adicionales<\/h2>\n<ul>\n<li>Ni esta web ni sus representantes legales se hacen responsables ni del contenido ni de la veracidad de las pol\u00edticas de privacidad que puedan tener los terceros mencionados en esta pol\u00edtica de <em>cookies<\/em>.<\/li>\n<li>Los navegadores web son las herramientas encargadas de almacenar las <em>cookies<\/em> y desde este lugar debe efectuar su derecho a eliminaci\u00f3n o desactivaci\u00f3n de las mismas. Ni esta web ni sus representantes legales pueden garantizar la correcta o incorrecta manipulaci\u00f3n de las <em>cookies<\/em> por parte de los mencionados navegadores.<\/li>\n<li>En algunos casos es necesario instalar <em>cookies<\/em> para que el navegador no olvide su decisi\u00f3n de no aceptaci\u00f3n de las mismas.<\/li>\n<li>En el caso de las <em>cookies<\/em> de Google Analytics, esta empresa almacena las <em>cookies<\/em> en servidores ubicados en Estados Unidos y se compromete a no compartirla con terceros, excepto en los casos en los que sea necesario para el funcionamiento del sistema o cuando la ley obligue a tal efecto. Seg\u00fan Google no guarda su direcci\u00f3n IP. Google Inc. es una compa\u00f1\u00eda adherida al Acuerdo de Puerto Seguro que garantiza que todos los datos transferidos ser\u00e1n tratados con un nivel de protecci\u00f3n acorde a la normativa europea. Puede consultar informaci\u00f3n detallada a este respecto <a href=\"http:\/\/safeharbor.export.gov\/companyinfo.aspx?id=16626\" target=\"_blank\" rel=\"noopener\">en este enlace<\/a>. Si desea informaci\u00f3n sobre el uso que Google da a las cookies <a href=\"https:\/\/developers.google.com\/analytics\/devguides\/collection\/analyticsjs\/cookie-usage?hl=es&amp;csw=1\" target=\"_blank\" rel=\"noopener\">le adjuntamos este otro enlace<\/a>.<\/li>\n<li>Para cualquier duda o consulta acerca de esta pol\u00edtica de <em>cookies<\/em> no dude en comunicarse con nosotros a trav\u00e9s de la secci\u00f3n de contacto.<\/li>\n<\/ul>\n<p>Asesor de Cookies es un <a href=\"http:\/\/wordpress.org\/plugins\/asesor-cookies-para-la-ley-en-espana\/\" target=\"_blank\" rel=\"noopener\">plugin para WordPress<\/a> creado por Carlos Doral (<a href=\"http:\/\/webartesanal.com\" target=\"_blank\" rel=\"noopener\">webartesanal.com<\/a>)<\/p>\n","protected":false},"excerpt":{"rendered":"<p>DATOS IDENTIFICATIVOS En cumplimiento con el deber de informaci\u00f3n recogido en art\u00edculo 10 de la Ley 34\/2002, de 11 de julio, de Servicios de la Sociedad de la Informaci\u00f3n y del Comercio Electr\u00f3nico, a continuaci\u00f3n se pone a disposici\u00f3n una direcci\u00f3n de correo electr\u00f3nico para contactar con el responsable de la p\u00e1gina: rinconfisquiex@gmail.com PROTECCI\u00d3N DE [&hellip;]<\/p>\n","protected":false},"author":1,"featured_media":0,"parent":0,"menu_order":0,"comment_status":"closed","ping_status":"closed","template":"","meta":{"footnotes":""},"class_list":["post-7369","page","type-page","status-publish","hentry"],"_links":{"self":[{"href":"http:\/\/aula21.net\/aulablog21\/wp-json\/wp\/v2\/pages\/7369","targetHints":{"allow":["GET"]}}],"collection":[{"href":"http:\/\/aula21.net\/aulablog21\/wp-json\/wp\/v2\/pages"}],"about":[{"href":"http:\/\/aula21.net\/aulablog21\/wp-json\/wp\/v2\/types\/page"}],"author":[{"embeddable":true,"href":"http:\/\/aula21.net\/aulablog21\/wp-json\/wp\/v2\/users\/1"}],"replies":[{"embeddable":true,"href":"http:\/\/aula21.net\/aulablog21\/wp-json\/wp\/v2\/comments?post=7369"}],"version-history":[{"count":2,"href":"http:\/\/aula21.net\/aulablog21\/wp-json\/wp\/v2\/pages\/7369\/revisions"}],"predecessor-version":[{"id":8921,"href":"http:\/\/aula21.net\/aulablog21\/wp-json\/wp\/v2\/pages\/7369\/revisions\/8921"}],"wp:attachment":[{"href":"http:\/\/aula21.net\/aulablog21\/wp-json\/wp\/v2\/media?parent=7369"}],"curies":[{"name":"wp","href":"https:\/\/api.w.org\/{rel}","templated":true}]}}